{"id":7454,"date":"2025-04-16T19:02:06","date_gmt":"2025-04-16T19:02:06","guid":{"rendered":"https:\/\/lafosse.ca\/my-account\/"},"modified":"2025-05-18T15:22:47","modified_gmt":"2025-05-18T15:22:47","slug":"my-account","status":"publish","type":"page","link":"https:\/\/lafosse.ca\/en\/my-account\/","title":{"rendered":"My account"},"content":{"rendered":"\t\t<div data-elementor-type=\"wp-page\" data-elementor-id=\"7454\" class=\"elementor elementor-7454 elementor-7199\" data-elementor-post-type=\"page\">\n\t\t\t\t<div class=\"elementor-element elementor-element-6b961dc e-flex e-con-boxed e-con e-parent\" data-id=\"6b961dc\" data-element_type=\"container\" data-e-type=\"container\" data-settings=\"{&quot;background_background&quot;:&quot;classic&quot;}\">\n\t\t\t\t\t<div class=\"e-con-inner\">\n\t\t\t\t<div class=\"elementor-element elementor-element-3e6700a e-my-account-tabs-vertical elementor-widget elementor-widget-woocommerce-my-account\" data-id=\"3e6700a\" data-element_type=\"widget\" data-e-type=\"widget\" data-widget_type=\"woocommerce-my-account.default\">\n\t\t\t\t<div class=\"elementor-widget-container\">\n\t\t\t\t\t<div class=\"e-my-account-tab e-my-account-tab__ \">\t\t\t<div class=\"woocommerce\"><\/div>\t\t<\/div>\n\t\t\t\t\t\t<\/div>\n\t\t\t\t<\/div>\n\t\t\t\t\t<\/div>\n\t\t\t\t<\/div>\n\t\t\t\t<\/div>\n\t\t","protected":false},"excerpt":{"rendered":"<p>Dashboard Orders Downloads Addresses Moyens de paiement Account details Logout Bonjour La FOSSE (vous n\u2019\u00eates pas La FOSSE\u00a0? D\u00e9connexion) \u00c0 partir du tableau de bord de votre compte, vous pouvez visualiser vos commandes r\u00e9centes, g\u00e9rer vos adresses de livraison et de facturation ainsi que changer votre mot de passe et les d\u00e9tails de votre compte.<\/p>\n","protected":false},"author":1,"featured_media":0,"parent":0,"menu_order":0,"comment_status":"closed","ping_status":"closed","template":"","meta":{"_sitemap_exclude":false,"_sitemap_priority":"","_sitemap_frequency":"","footnotes":""},"class_list":["post-7454","page","type-page","status-publish","hentry"],"yoast_head":"<!-- This site is optimized with the Yoast SEO plugin v27.3 - https:\/\/yoast.com\/product\/yoast-seo-wordpress\/ -->\n<title>My account - Antiques<\/title>\n<meta name=\"robots\" content=\"noindex, follow\" \/>\n<meta property=\"og:locale\" content=\"en_US\" \/>\n<meta property=\"og:type\" content=\"article\" \/>\n<meta property=\"og:title\" content=\"My account - Antiques\" \/>\n<meta property=\"og:description\" content=\"Dashboard Orders Downloads Addresses Moyens de paiement Account details Logout Bonjour La FOSSE (vous n\u2019\u00eates pas La FOSSE\u00a0? D\u00e9connexion) \u00c0 partir du tableau de bord de votre compte, vous pouvez visualiser vos commandes r\u00e9centes, g\u00e9rer vos adresses de livraison et de facturation ainsi que changer votre mot de passe et les d\u00e9tails de votre compte.\" \/>\n<meta property=\"og:url\" content=\"https:\/\/lafosse.ca\/en\/my-account\/\" \/>\n<meta property=\"og:site_name\" content=\"Antiques\" \/>\n<meta property=\"article:publisher\" content=\"https:\/\/www.facebook.com\/LaFosseAntiquites\" \/>\n<meta property=\"article:modified_time\" content=\"2025-05-18T15:22:47+00:00\" \/>\n<meta property=\"og:image\" content=\"https:\/\/lafosse.ca\/wp-content\/uploads\/2023\/12\/Facebook_photo_couverture-2.jpg\" \/>\n\t<meta property=\"og:image:width\" content=\"824\" \/>\n\t<meta property=\"og:image:height\" content=\"315\" \/>\n\t<meta property=\"og:image:type\" content=\"image\/jpeg\" \/>\n<meta name=\"twitter:card\" content=\"summary_large_image\" \/>\n<script type=\"application\/ld+json\" class=\"yoast-schema-graph\">{\"@context\":\"https:\\\/\\\/schema.org\",\"@graph\":[{\"@type\":\"WebPage\",\"@id\":\"https:\\\/\\\/lafosse.ca\\\/en\\\/my-account\\\/\",\"url\":\"https:\\\/\\\/lafosse.ca\\\/en\\\/my-account\\\/\",\"name\":\"My account - Antiques\",\"isPartOf\":{\"@id\":\"https:\\\/\\\/lafosse.ca\\\/en\\\/#website\"},\"datePublished\":\"2025-04-16T19:02:06+00:00\",\"dateModified\":\"2025-05-18T15:22:47+00:00\",\"breadcrumb\":{\"@id\":\"https:\\\/\\\/lafosse.ca\\\/en\\\/my-account\\\/#breadcrumb\"},\"inLanguage\":\"en-US\",\"potentialAction\":[{\"@type\":\"ReadAction\",\"target\":[\"https:\\\/\\\/lafosse.ca\\\/en\\\/my-account\\\/\"]}]},{\"@type\":\"BreadcrumbList\",\"@id\":\"https:\\\/\\\/lafosse.ca\\\/en\\\/my-account\\\/#breadcrumb\",\"itemListElement\":[{\"@type\":\"ListItem\",\"position\":1,\"name\":\"Accueil\",\"item\":\"https:\\\/\\\/lafosse.ca\\\/en\\\/la-fosse\\\/\"},{\"@type\":\"ListItem\",\"position\":2,\"name\":\"My account\"}]},{\"@type\":\"WebSite\",\"@id\":\"https:\\\/\\\/lafosse.ca\\\/en\\\/#website\",\"url\":\"https:\\\/\\\/lafosse.ca\\\/en\\\/\",\"name\":\"Antiquit\u00e9s\",\"description\":\"An unusual antique store. The perfect place to find something out of the ordinary.\",\"publisher\":{\"@id\":\"https:\\\/\\\/lafosse.ca\\\/en\\\/#organization\"},\"alternateName\":\"La Fosse\",\"potentialAction\":[{\"@type\":\"SearchAction\",\"target\":{\"@type\":\"EntryPoint\",\"urlTemplate\":\"https:\\\/\\\/lafosse.ca\\\/en\\\/?s={search_term_string}\"},\"query-input\":{\"@type\":\"PropertyValueSpecification\",\"valueRequired\":true,\"valueName\":\"search_term_string\"}}],\"inLanguage\":\"en-US\"},{\"@type\":\"Organization\",\"@id\":\"https:\\\/\\\/lafosse.ca\\\/en\\\/#organization\",\"name\":\"La Fosse - Antiquit\u00e9s et objets insolites\",\"alternateName\":\"la Fosse\",\"url\":\"https:\\\/\\\/lafosse.ca\\\/en\\\/\",\"logo\":{\"@type\":\"ImageObject\",\"inLanguage\":\"en-US\",\"@id\":\"https:\\\/\\\/lafosse.ca\\\/en\\\/#\\\/schema\\\/logo\\\/image\\\/\",\"url\":\"https:\\\/\\\/lafosse.ca\\\/wp-content\\\/uploads\\\/2022\\\/09\\\/logo_la-fosse_fond-fonce_grand-format-inverse-petit.jpg\",\"contentUrl\":\"https:\\\/\\\/lafosse.ca\\\/wp-content\\\/uploads\\\/2022\\\/09\\\/logo_la-fosse_fond-fonce_grand-format-inverse-petit.jpg\",\"width\":700,\"height\":700,\"caption\":\"La Fosse - Antiquit\u00e9s et objets insolites\"},\"image\":{\"@id\":\"https:\\\/\\\/lafosse.ca\\\/en\\\/#\\\/schema\\\/logo\\\/image\\\/\"},\"sameAs\":[\"https:\\\/\\\/www.facebook.com\\\/LaFosseAntiquites\",\"https:\\\/\\\/www.instagram.com\\\/lafosse.ca\\\/\",\"https:\\\/\\\/www.linkedin.com\\\/company\\\/la-fosse-antiquites-et-objets-insolites\\\/?viewAsMember=true\"]}]}<\/script>\n<!-- \/ Yoast SEO plugin. -->","yoast_head_json":{"title":"My account - Antiques","robots":{"index":"noindex","follow":"follow"},"og_locale":"en_US","og_type":"article","og_title":"My account - Antiques","og_description":"Dashboard Orders Downloads Addresses Moyens de paiement Account details Logout Bonjour La FOSSE (vous n\u2019\u00eates pas La FOSSE\u00a0? D\u00e9connexion) \u00c0 partir du tableau de bord de votre compte, vous pouvez visualiser vos commandes r\u00e9centes, g\u00e9rer vos adresses de livraison et de facturation ainsi que changer votre mot de passe et les d\u00e9tails de votre compte.","og_url":"https:\/\/lafosse.ca\/en\/my-account\/","og_site_name":"Antiques","article_publisher":"https:\/\/www.facebook.com\/LaFosseAntiquites","article_modified_time":"2025-05-18T15:22:47+00:00","og_image":[{"width":824,"height":315,"url":"https:\/\/lafosse.ca\/wp-content\/uploads\/2023\/12\/Facebook_photo_couverture-2.jpg","type":"image\/jpeg"}],"twitter_card":"summary_large_image","schema":{"@context":"https:\/\/schema.org","@graph":[{"@type":"WebPage","@id":"https:\/\/lafosse.ca\/en\/my-account\/","url":"https:\/\/lafosse.ca\/en\/my-account\/","name":"My account - Antiques","isPartOf":{"@id":"https:\/\/lafosse.ca\/en\/#website"},"datePublished":"2025-04-16T19:02:06+00:00","dateModified":"2025-05-18T15:22:47+00:00","breadcrumb":{"@id":"https:\/\/lafosse.ca\/en\/my-account\/#breadcrumb"},"inLanguage":"en-US","potentialAction":[{"@type":"ReadAction","target":["https:\/\/lafosse.ca\/en\/my-account\/"]}]},{"@type":"BreadcrumbList","@id":"https:\/\/lafosse.ca\/en\/my-account\/#breadcrumb","itemListElement":[{"@type":"ListItem","position":1,"name":"Accueil","item":"https:\/\/lafosse.ca\/en\/la-fosse\/"},{"@type":"ListItem","position":2,"name":"My account"}]},{"@type":"WebSite","@id":"https:\/\/lafosse.ca\/en\/#website","url":"https:\/\/lafosse.ca\/en\/","name":"Antiquit\u00e9s","description":"An unusual antique store. The perfect place to find something out of the ordinary.","publisher":{"@id":"https:\/\/lafosse.ca\/en\/#organization"},"alternateName":"La Fosse","potentialAction":[{"@type":"SearchAction","target":{"@type":"EntryPoint","urlTemplate":"https:\/\/lafosse.ca\/en\/?s={search_term_string}"},"query-input":{"@type":"PropertyValueSpecification","valueRequired":true,"valueName":"search_term_string"}}],"inLanguage":"en-US"},{"@type":"Organization","@id":"https:\/\/lafosse.ca\/en\/#organization","name":"La Fosse - Antiquit\u00e9s et objets insolites","alternateName":"la Fosse","url":"https:\/\/lafosse.ca\/en\/","logo":{"@type":"ImageObject","inLanguage":"en-US","@id":"https:\/\/lafosse.ca\/en\/#\/schema\/logo\/image\/","url":"https:\/\/lafosse.ca\/wp-content\/uploads\/2022\/09\/logo_la-fosse_fond-fonce_grand-format-inverse-petit.jpg","contentUrl":"https:\/\/lafosse.ca\/wp-content\/uploads\/2022\/09\/logo_la-fosse_fond-fonce_grand-format-inverse-petit.jpg","width":700,"height":700,"caption":"La Fosse - Antiquit\u00e9s et objets insolites"},"image":{"@id":"https:\/\/lafosse.ca\/en\/#\/schema\/logo\/image\/"},"sameAs":["https:\/\/www.facebook.com\/LaFosseAntiquites","https:\/\/www.instagram.com\/lafosse.ca\/","https:\/\/www.linkedin.com\/company\/la-fosse-antiquites-et-objets-insolites\/?viewAsMember=true"]}]}},"_links":{"self":[{"href":"https:\/\/lafosse.ca\/en\/wp-json\/wp\/v2\/pages\/7454","targetHints":{"allow":["GET"]}}],"collection":[{"href":"https:\/\/lafosse.ca\/en\/wp-json\/wp\/v2\/pages"}],"about":[{"href":"https:\/\/lafosse.ca\/en\/wp-json\/wp\/v2\/types\/page"}],"author":[{"embeddable":true,"href":"https:\/\/lafosse.ca\/en\/wp-json\/wp\/v2\/users\/1"}],"replies":[{"embeddable":true,"href":"https:\/\/lafosse.ca\/en\/wp-json\/wp\/v2\/comments?post=7454"}],"version-history":[{"count":8,"href":"https:\/\/lafosse.ca\/en\/wp-json\/wp\/v2\/pages\/7454\/revisions"}],"predecessor-version":[{"id":8495,"href":"https:\/\/lafosse.ca\/en\/wp-json\/wp\/v2\/pages\/7454\/revisions\/8495"}],"wp:attachment":[{"href":"https:\/\/lafosse.ca\/en\/wp-json\/wp\/v2\/media?parent=7454"}],"curies":[{"name":"wp","href":"https:\/\/api.w.org\/{rel}","templated":true}]}}